{"id":10,"date":"2025-12-25T07:18:15","date_gmt":"2025-12-25T07:18:15","guid":{"rendered":"https:\/\/clientes.concepto.com.ec\/?page_id=10"},"modified":"2025-12-30T04:03:12","modified_gmt":"2025-12-30T04:03:12","slug":"ingreso","status":"publish","type":"page","link":"https:\/\/clientes.concepto.com.ec\/","title":{"rendered":"Ingreso portal Cliente Concepto"},"content":{"rendered":"\n<div class=\"wp-block-group btn-volver-concepto is-content-justification-center is-nowrap is-layout-flex wp-container-core-group-is-layout-94bc23d7 wp-block-group-is-layout-flex\">\n<a href=\"https:\/\/www.concepto.com.ec\/\">Volver a Concepto<\/a>\n<\/div>\n\n\n<div class=\"aligncenter wp-block-site-logo\"><img loading=\"lazy\" decoding=\"async\" width=\"140\" height=\"82\" src=\"https:\/\/clientes.concepto.com.ec\/wp-content\/uploads\/2025\/12\/cropped-Icono.webp\" class=\"custom-logo\" alt=\"Icono Concepto\" srcset=\"https:\/\/clientes.concepto.com.ec\/wp-content\/uploads\/2025\/12\/cropped-Icono.webp 527w, https:\/\/clientes.concepto.com.ec\/wp-content\/uploads\/2025\/12\/cropped-Icono-300x176.webp 300w\" sizes=\"auto, (max-width: 140px) 100vw, 140px\" \/><\/div>\n\n\n<p><\/p>\n\n\n\n<h1 class=\"wp-block-heading has-text-align-center has-x-large-font-size\"><strong><strong>Bienvenido al <\/strong>Portal de Clientes de Concepto<\/strong><\/h1>\n\n\n\n<pre class=\"wp-block-verse has-text-align-center has-medium-font-size\">Desde aqu\u00ed podr\u00e1s acceder de forma segura a tu documentaci\u00f3n, revisar el estado de tus procesos y dar seguimiento a tu caso con total confidencialidad.<\/pre>\n\n\n\n<div class=\"wp-block-columns is-layout-flex wp-container-core-columns-is-layout-9d6595d7 wp-block-columns-is-layout-flex\">\n<div class=\"wp-block-column is-vertically-aligned-center is-layout-flow wp-block-column-is-layout-flow\" style=\"flex-basis:20%\"><\/div>\n\n\n\n<div class=\"wp-block-column is-vertically-aligned-center is-layout-flow wp-block-column-is-layout-flow\" style=\"flex-basis:60%\"><div class=\"wppb-block-container\"><div id=\"wppb-login-wrap\" class=\"wppb-user-forms\">\n\t\t<form name=\"wppb-loginform\" id=\"wppb-loginform\" class=\"\" action=\"https:\/\/clientes.concepto.com.ec\/index.php\/wp-json\/wp\/v2\/pages\/10\" method=\"post\">\n\t\t\t\n\t\t\t<p class=\"wppb-form-field login-username\">\n\t\t\t\t<label for=\"wppb_user_login\">Usuario o Email<\/label>\n\t\t\t\t<input type=\"text\" name=\"log\" id=\"wppb_user_login\" class=\"input\" value=\"\" size=\"20\" \/>\n\t\t\t<\/p>\n\t\t\t<p class=\"wppb-form-field login-password\">\n\t\t\t\t<label for=\"wppb_user_pass\">Contrase\u00f1a<\/label>\n\t\t\t\t<span class=\"wppb-password-field-container\">\n\t\t\t\t    <input type=\"password\" name=\"pwd\" id=\"wppb_user_pass\" class=\"input\" value=\"\" size=\"20\" \/>\n\t\t\t\t     <!-- add the HTML for the visibility toggle -->\n\t\t\t\t<\/span>\n            <\/p>\n\t\t\t\n\t\t\t\n\t\t\t<p class=\"wppb-form-field login-remember\"><input name=\"rememberme\" type=\"checkbox\" id=\"rememberme\" value=\"forever\" \/><label for=\"rememberme\">Remember Me<\/label><\/p>\n\t\t\t<p class=\"login-submit form-submit\">\n\t\t\t\t<input type=\"submit\" name=\"wp-submit\" id=\"wppb-submit\" class=\"button button-primary\" value=\"Log In\"\" \/>\n\t\t\t\t<input type=\"hidden\" name=\"redirect_to\" value=\"https:\/\/clientes.concepto.com.ec\/index.php\/area-privada\/dashboard\/\" \/>\n\t\t\t<\/p>\n\t\t\t<input type=\"hidden\" name=\"wppb_login\" value=\"true\"\/>\n\t\t\t<input type=\"hidden\" name=\"wppb_form_location\" value=\"widget\"\/>\n\t\t\t<input type=\"hidden\" name=\"wppb_request_url\" value=\"https:\/\/clientes.concepto.com.ec\/index.php\/wp-json\/wp\/v2\/pages\/10\"\/>\n\t\t\t<input type=\"hidden\" name=\"wppb_lostpassword_url\" value=\"https:\/\/clientes.concepto.com.ec\/index.php\/password-reset\/\"\/>\n\t\t\t<input type=\"hidden\" name=\"wppb_redirect_priority\" value=\"normal\"\/>\n\t\t\t<input type=\"hidden\" name=\"wppb_referer_url\" value=\"\"\/>\n\t\t\t<input type=\"hidden\" id=\"CSRFToken-wppb\" name=\"CSRFToken-wppb\" value=\"a2857608e3\" \/><input type=\"hidden\" name=\"_wp_http_referer\" value=\"\/index.php\/wp-json\/wp\/v2\/pages\/10\" \/>\n\t\t\t<input type=\"hidden\" name=\"wppb_redirect_check\" value=\"true\"\/>\n\t\t\t\n\t\t<\/form><p class=\"login-register-lost-password\"><a class=\"login-register\" href=\"https:\/\/clientes.concepto.com.ec\/index.php\/register\/\">Registrar<\/a><span class=\"login-separator\"> | <\/span><a class=\"login-lost-password\" href=\"https:\/\/clientes.concepto.com.ec\/index.php\/password-reset\/\">\u00bfPerdi\u00f3 su contrase\u00f1a?<\/a><\/p><\/div><\/div><\/div>\n\n\n\n<div class=\"wp-block-column is-layout-flow wp-block-column-is-layout-flow\" style=\"flex-basis:20%\"><\/div>\n<\/div>\n\n\n\n<div class=\"wp-block-group is-vertical is-content-justification-center is-layout-flex wp-container-core-group-is-layout-4b2eccd6 wp-block-group-is-layout-flex\">\n<p class=\"has-text-align-center has-small-font-size\">Si a\u00fan no cuentas con un acceso, solicita tus credenciales a tu asesor de Concepto.<br>\ud83d\udd12 Tu informaci\u00f3n es privada y accesible \u00fanicamente para ti.<br><br>Al continuar, confirmas que has le\u00eddo y aceptas la <a href=\"https:\/\/concepto.com.ec\/politica-de-proteccion-de-datos-personales\/\"><strong>Pol\u00edtica de Privacidad<\/strong><\/a> de Concepto<\/p>\n<\/div>\n","protected":false},"excerpt":{"rendered":"<p>Volver a Concepto Bienvenido al Portal de Clientes de Concepto Desde aqu\u00ed podr\u00e1s acceder de forma segura a tu documentaci\u00f3n, revisar el estado de tus procesos y dar seguimiento a tu caso con total confidencialidad. Si a\u00fan no cuentas con un acceso, solicita tus credenciales a tu asesor de Concepto.\ud83d\udd12 Tu informaci\u00f3n es privada y &#8230; <a title=\"Ingreso portal Cliente Concepto\" class=\"read-more\" href=\"https:\/\/clientes.concepto.com.ec\/\" aria-label=\"Leer m\u00e1s sobre Ingreso portal Cliente Concepto\">Leer m\u00e1s<\/a><\/p>\n","protected":false},"author":1,"featured_media":0,"parent":0,"menu_order":0,"comment_status":"closed","ping_status":"closed","template":"","meta":{"footnotes":""},"class_list":["post-10","page","type-page","status-publish"],"yoast_head":"<!-- This site is optimized with the Yoast SEO plugin v26.9 - https:\/\/yoast.com\/product\/yoast-seo-wordpress\/ -->\n<title>Portal de Clientes | Concepto<\/title>\n<meta name=\"description\" content=\"Acceso exclusivo al Portal de Clientes de Concepto. \u00c1rea privada donde podr\u00e1s revisar documentaci\u00f3n, revisar informes y mucho m\u00e1s.\" \/>\n<meta name=\"robots\" content=\"index, follow, max-snippet:-1, max-image-preview:large, max-video-preview:-1\" \/>\n<link rel=\"canonical\" href=\"https:\/\/clientes.concepto.com.ec\/\" \/>\n<meta property=\"og:locale\" content=\"es_ES\" \/>\n<meta property=\"og:type\" content=\"article\" \/>\n<meta property=\"og:title\" content=\"Portal de Clientes | Concepto\" \/>\n<meta property=\"og:description\" content=\"Acceso exclusivo al Portal de Clientes de Concepto. \u00c1rea privada donde podr\u00e1s revisar documentaci\u00f3n, revisar informes y mucho m\u00e1s.\" \/>\n<meta property=\"og:url\" content=\"https:\/\/clientes.concepto.com.ec\/\" \/>\n<meta property=\"og:site_name\" content=\"Portal de Clientes | Concepto\" \/>\n<meta property=\"article:modified_time\" content=\"2025-12-30T04:03:12+00:00\" \/>\n<meta name=\"twitter:card\" content=\"summary_large_image\" \/>\n<meta name=\"twitter:label1\" content=\"Tiempo de lectura\" \/>\n\t<meta name=\"twitter:data1\" content=\"1 minuto\" \/>\n<script type=\"application\/ld+json\" class=\"yoast-schema-graph\">{\"@context\":\"https:\/\/schema.org\",\"@graph\":[{\"@type\":\"WebPage\",\"@id\":\"https:\/\/clientes.concepto.com.ec\/\",\"url\":\"https:\/\/clientes.concepto.com.ec\/\",\"name\":\"Portal de Clientes | Concepto\",\"isPartOf\":{\"@id\":\"https:\/\/clientes.concepto.com.ec\/#website\"},\"datePublished\":\"2025-12-25T07:18:15+00:00\",\"dateModified\":\"2025-12-30T04:03:12+00:00\",\"description\":\"Acceso exclusivo al Portal de Clientes de Concepto. \u00c1rea privada donde podr\u00e1s revisar documentaci\u00f3n, revisar informes y mucho m\u00e1s.\",\"breadcrumb\":{\"@id\":\"https:\/\/clientes.concepto.com.ec\/#breadcrumb\"},\"inLanguage\":\"es\",\"potentialAction\":[{\"@type\":\"ReadAction\",\"target\":[\"https:\/\/clientes.concepto.com.ec\/\"]}]},{\"@type\":\"BreadcrumbList\",\"@id\":\"https:\/\/clientes.concepto.com.ec\/#breadcrumb\",\"itemListElement\":[{\"@type\":\"ListItem\",\"position\":1,\"name\":\"Portada\",\"item\":\"https:\/\/clientes.concepto.com.ec\/\"},{\"@type\":\"ListItem\",\"position\":2,\"name\":\"Ingreso portal Cliente Concepto\"}]},{\"@type\":\"WebSite\",\"@id\":\"https:\/\/clientes.concepto.com.ec\/#website\",\"url\":\"https:\/\/clientes.concepto.com.ec\/\",\"name\":\"Portal de Clientes | Concepto\",\"description\":\"\",\"publisher\":{\"@id\":\"https:\/\/clientes.concepto.com.ec\/#organization\"},\"potentialAction\":[{\"@type\":\"SearchAction\",\"target\":{\"@type\":\"EntryPoint\",\"urlTemplate\":\"https:\/\/clientes.concepto.com.ec\/?s={search_term_string}\"},\"query-input\":{\"@type\":\"PropertyValueSpecification\",\"valueRequired\":true,\"valueName\":\"search_term_string\"}}],\"inLanguage\":\"es\"},{\"@type\":\"Organization\",\"@id\":\"https:\/\/clientes.concepto.com.ec\/#organization\",\"name\":\"Portal de Clientes | Concepto\",\"url\":\"https:\/\/clientes.concepto.com.ec\/\",\"logo\":{\"@type\":\"ImageObject\",\"inLanguage\":\"es\",\"@id\":\"https:\/\/clientes.concepto.com.ec\/#\/schema\/logo\/image\/\",\"url\":\"https:\/\/clientes.concepto.com.ec\/wp-content\/uploads\/2025\/12\/cropped-Icono.webp\",\"contentUrl\":\"https:\/\/clientes.concepto.com.ec\/wp-content\/uploads\/2025\/12\/cropped-Icono.webp\",\"width\":527,\"height\":309,\"caption\":\"Portal de Clientes | Concepto\"},\"image\":{\"@id\":\"https:\/\/clientes.concepto.com.ec\/#\/schema\/logo\/image\/\"}}]}<\/script>\n<!-- \/ Yoast SEO plugin. -->","yoast_head_json":{"title":"Portal de Clientes | Concepto","description":"Acceso exclusivo al Portal de Clientes de Concepto. \u00c1rea privada donde podr\u00e1s revisar documentaci\u00f3n, revisar informes y mucho m\u00e1s.","robots":{"index":"index","follow":"follow","max-snippet":"max-snippet:-1","max-image-preview":"max-image-preview:large","max-video-preview":"max-video-preview:-1"},"canonical":"https:\/\/clientes.concepto.com.ec\/","og_locale":"es_ES","og_type":"article","og_title":"Portal de Clientes | Concepto","og_description":"Acceso exclusivo al Portal de Clientes de Concepto. \u00c1rea privada donde podr\u00e1s revisar documentaci\u00f3n, revisar informes y mucho m\u00e1s.","og_url":"https:\/\/clientes.concepto.com.ec\/","og_site_name":"Portal de Clientes | Concepto","article_modified_time":"2025-12-30T04:03:12+00:00","twitter_card":"summary_large_image","twitter_misc":{"Tiempo de lectura":"1 minuto"},"schema":{"@context":"https:\/\/schema.org","@graph":[{"@type":"WebPage","@id":"https:\/\/clientes.concepto.com.ec\/","url":"https:\/\/clientes.concepto.com.ec\/","name":"Portal de Clientes | Concepto","isPartOf":{"@id":"https:\/\/clientes.concepto.com.ec\/#website"},"datePublished":"2025-12-25T07:18:15+00:00","dateModified":"2025-12-30T04:03:12+00:00","description":"Acceso exclusivo al Portal de Clientes de Concepto. \u00c1rea privada donde podr\u00e1s revisar documentaci\u00f3n, revisar informes y mucho m\u00e1s.","breadcrumb":{"@id":"https:\/\/clientes.concepto.com.ec\/#breadcrumb"},"inLanguage":"es","potentialAction":[{"@type":"ReadAction","target":["https:\/\/clientes.concepto.com.ec\/"]}]},{"@type":"BreadcrumbList","@id":"https:\/\/clientes.concepto.com.ec\/#breadcrumb","itemListElement":[{"@type":"ListItem","position":1,"name":"Portada","item":"https:\/\/clientes.concepto.com.ec\/"},{"@type":"ListItem","position":2,"name":"Ingreso portal Cliente Concepto"}]},{"@type":"WebSite","@id":"https:\/\/clientes.concepto.com.ec\/#website","url":"https:\/\/clientes.concepto.com.ec\/","name":"Portal de Clientes | Concepto","description":"","publisher":{"@id":"https:\/\/clientes.concepto.com.ec\/#organization"},"potentialAction":[{"@type":"SearchAction","target":{"@type":"EntryPoint","urlTemplate":"https:\/\/clientes.concepto.com.ec\/?s={search_term_string}"},"query-input":{"@type":"PropertyValueSpecification","valueRequired":true,"valueName":"search_term_string"}}],"inLanguage":"es"},{"@type":"Organization","@id":"https:\/\/clientes.concepto.com.ec\/#organization","name":"Portal de Clientes | Concepto","url":"https:\/\/clientes.concepto.com.ec\/","logo":{"@type":"ImageObject","inLanguage":"es","@id":"https:\/\/clientes.concepto.com.ec\/#\/schema\/logo\/image\/","url":"https:\/\/clientes.concepto.com.ec\/wp-content\/uploads\/2025\/12\/cropped-Icono.webp","contentUrl":"https:\/\/clientes.concepto.com.ec\/wp-content\/uploads\/2025\/12\/cropped-Icono.webp","width":527,"height":309,"caption":"Portal de Clientes | Concepto"},"image":{"@id":"https:\/\/clientes.concepto.com.ec\/#\/schema\/logo\/image\/"}}]}},"_links":{"self":[{"href":"https:\/\/clientes.concepto.com.ec\/index.php\/wp-json\/wp\/v2\/pages\/10","targetHints":{"allow":["GET"]}}],"collection":[{"href":"https:\/\/clientes.concepto.com.ec\/index.php\/wp-json\/wp\/v2\/pages"}],"about":[{"href":"https:\/\/clientes.concepto.com.ec\/index.php\/wp-json\/wp\/v2\/types\/page"}],"author":[{"embeddable":true,"href":"https:\/\/clientes.concepto.com.ec\/index.php\/wp-json\/wp\/v2\/users\/1"}],"replies":[{"embeddable":true,"href":"https:\/\/clientes.concepto.com.ec\/index.php\/wp-json\/wp\/v2\/comments?post=10"}],"version-history":[{"count":79,"href":"https:\/\/clientes.concepto.com.ec\/index.php\/wp-json\/wp\/v2\/pages\/10\/revisions"}],"predecessor-version":[{"id":862,"href":"https:\/\/clientes.concepto.com.ec\/index.php\/wp-json\/wp\/v2\/pages\/10\/revisions\/862"}],"wp:attachment":[{"href":"https:\/\/clientes.concepto.com.ec\/index.php\/wp-json\/wp\/v2\/media?parent=10"}],"curies":[{"name":"wp","href":"https:\/\/api.w.org\/{rel}","templated":true}]}}